{"id":12379,"date":"2022-02-03T16:39:28","date_gmt":"2022-02-03T21:39:28","guid":{"rendered":"https:\/\/ilafon.edu.co\/web\/?page_id=12379"},"modified":"2026-03-24T09:26:00","modified_gmt":"2026-03-24T14:26:00","slug":"orientacion-escolar","status":"publish","type":"page","link":"https:\/\/ilafon.edu.co\/web\/orientacion-escolar\/","title":{"rendered":"Orientaci\u00f3n escolar"},"content":{"rendered":"<div class=\"wpb-content-wrapper\"><p>[vc_row][vc_column][vc_single_image image=\u00bb12528&#8243; img_size=\u00bbmedium\u00bb alignment=\u00bbcenter\u00bb style=\u00bbvc_box_shadow_circle\u00bb css=\u00bb\u00bb][vc_column_text css_animation=\u00bbfadeInUp\u00bb css=\u00bb\u00bb]<\/p>\n<blockquote>\n<h3 style=\"text-align: center;\"><span style=\"font-weight: 400;\">El objetivo fundamental del equipo de Orientaci\u00f3n Escolar en el Instituto La Anunciaci\u00f3n es acompa\u00f1ar a los estudiantes y sus procesos de desarrollo; colaborar y mejorar la comprensi\u00f3n de las diferentes situaciones desde una visi\u00f3n integral del bienestar. La labor del orientador escolar en Colombia est\u00e1 dirigida a la <\/span><b>prevenci\u00f3n y promoci\u00f3n<\/b><span style=\"font-weight: 400;\"> al interior de la instituci\u00f3n educativa, facilitando la <\/span><b>atenci\u00f3n y seguimiento<\/b><span style=\"font-weight: 400;\"> oportunos y din\u00e1micos, debido al contacto permanente que tiene con los docentes y acudientes en la formaci\u00f3n de los estudiantes.<\/span><\/h3>\n<\/blockquote>\n<p>[\/vc_column_text][\/vc_column][\/vc_row][vc_row][vc_column][vc_hoverbox image=\u00bb12529&#8243; primary_title=\u00bb\u00bb primary_title_font_container=\u00bbfont_size:100|color:%23000000&#8243; primary_title_google_fonts=\u00bbfont_family:Alegreya%20Sans%20SC%3A100%2C100italic%2C300%2C300italic%2Cregular%2Citalic%2C500%2C500italic%2C700%2C700italic%2C800%2C800italic%2C900%2C900italic|font_style:700%20bold%20regular%3A700%3Anormal\u00bb hover_title=\u00bbOBJETIVOS\u00bb el_width=\u00bb60&#8243; use_custom_fonts_primary_title=\u00bbtrue\u00bb]<\/p>\n<h3 style=\"text-align: center;\"><span style=\"font-weight: 400;\"><strong>Acompa\u00f1ar y asesorar<\/strong> los procesos psicol\u00f3gicos que afectan al aprendizaje, o que de \u00e9ste se derivan, independientemente de su origen personal, grupal, social, de salud etc., coordin\u00e1ndose con docentes y otros profesionales de la instituci\u00f3n, sin prestar servicios terap\u00e9uticos o de diagn\u00f3stico cl\u00ednico, pues para ello se remite a especialistas externos.<\/span><\/h3>\n<h3 style=\"text-align: center;\"><span style=\"font-weight: 400;\"><strong>Promover el bienestar emocional y la salud mental<\/strong> de los estudiantes para favorecer el desarrollo de capacidades y competencias a nivel personal, social, cognitivo y afectivo.<\/span><\/h3>\n<h3 style=\"text-align: center;\"><span style=\"font-weight: 400;\"><strong>Desarrollar estrategias pedag\u00f3gicas de prevenci\u00f3n<\/strong> de riesgos psicosociales, acad\u00e9micos y ocupacionales, en el entorno familiar y educativo, as\u00ed como la promoci\u00f3n para el desarrollo integral en el marco del ejercicio de derechos.<\/span><\/h3>\n<h3 style=\"text-align: center;\"><span style=\"font-weight: 400;\">Encaminar las acciones de <strong>seguimiento<\/strong> acorde al alcance de la orientaci\u00f3n escolar.<\/span><\/h3>\n<h3 style=\"text-align: center;\"><span style=\"font-weight: 400;\">Establecer criterios para la <strong>activaci\u00f3n de rutas de atenci\u00f3n integral<\/strong>, protocolos, herramientas y proyectos de apoyo a la orientaci\u00f3n escolar. Para lo anterior, se elabora el plan anual de orientaci\u00f3n escolar ejecutado en el a\u00f1o.<\/span><\/h3>\n<p>[\/vc_hoverbox][\/vc_column][\/vc_row][vc_row][vc_column][vc_separator color=\u00bbblue\u00bb border_width=\u00bb3&#8243; css=\u00bb\u00bb][vc_column_text css=\u00bb\u00bb]<\/p>\n<h1 style=\"text-align: center;\">\u00bfQu\u00e9 hacemos?<\/h1>\n<p>[\/vc_column_text][\/vc_column][vc_column width=\u00bb1\/4&#8243;][vc_hoverbox image=\u00bb12604&#8243; primary_title=\u00bbESTUDIANTES\u00bb primary_title_font_container=\u00bbfont_size:35|color:%23eeee22&#8243; primary_title_css_animation=\u00bbfadeInLeft\u00bb hover_title=\u00bb\u00bb hover_title_font_container=\u00bbcolor:%23000000&#8243; use_custom_fonts_primary_title=\u00bbtrue\u00bb use_custom_fonts_hover_title=\u00bbtrue\u00bb]<\/p>\n<p style=\"text-align: center;\"><span style=\"font-weight: 400;\">Apoyar y orientar el proceso de desarrollo de los ni\u00f1os, ni\u00f1as y adolescentes a partir de las solicitudes realizadas por cualquier miembro de la comunidad.<\/span><\/p>\n<p style=\"text-align: center;\"><span style=\"font-weight: 400;\">Realizar seguimiento y acompa\u00f1amiento de los estudiantes remitidos a profesionales externos: psicolog\u00eda, terapia de lenguaje, terapia ocupacional, entre otros.<\/span><\/p>\n<p style=\"text-align: center;\"><span style=\"font-weight: 400;\">Dise\u00f1ar y ejecutar planes de apoyo ante las necesidades educativas de los estudiantes.<\/span><\/p>\n<p style=\"text-align: center;\"><span style=\"font-weight: 400;\">Acompa\u00f1ar a los estudiantes en situaciones relacionadas con la convivencia escolar y familiar.<\/span><\/p>\n<p>[\/vc_hoverbox][\/vc_column][vc_column width=\u00bb1\/4&#8243;][vc_hoverbox image=\u00bb12531&#8243; primary_title=\u00bbGRUPOS\u00bb primary_title_font_container=\u00bbfont_size:35|color:%2328c5ff\u00bb primary_title_css_animation=\u00bbfadeInLeft\u00bb hover_title=\u00bb\u00bb use_custom_fonts_primary_title=\u00bbtrue\u00bb]<\/p>\n<p style=\"text-align: center;\"><span style=\"font-weight: 400;\">Realizar talleres para promover habilidades socioemocionales seg\u00fan las caracter\u00edsticas particulares de los cursos.<\/span><\/p>\n<p style=\"text-align: center;\"><span style=\"font-weight: 400;\">Participar en la ejecuci\u00f3n del Programa de Educaci\u00f3n para la Sexualidad y la Construcci\u00f3n de Ciudadan\u00eda mediante el desarrollo de talleres correspondientes al \u00e1rea de Orientaci\u00f3n Escolar.<\/span><\/p>\n<p style=\"text-align: center;\"><span style=\"font-weight: 400;\">Implementar, desarrollar y acompa\u00f1ar los programas de prevenci\u00f3n de riesgos y vulneraci\u00f3n de derechos que puedan llegar a afectar a nuestros estudiantes.<\/span><\/p>\n<p>[\/vc_hoverbox][\/vc_column][vc_column width=\u00bb1\/4&#8243;][vc_hoverbox image=\u00bb12590&#8243; primary_title=\u00bbDOCENTES\u00bb primary_title_font_container=\u00bbfont_size:35|color:%23eeee22&#8243; primary_title_css_animation=\u00bbfadeInLeft\u00bb hover_title=\u00bb\u00bb hover_title_font_container=\u00bbcolor:%23ffffff\u00bb use_custom_fonts_primary_title=\u00bbtrue\u00bb use_custom_fonts_hover_title=\u00bbtrue\u00bb]<\/p>\n<p style=\"text-align: center;\"><span style=\"font-weight: 400;\">Asesorar al equipo docente en las tem\u00e1ticas propias del desarrollo del ciclo vital de los estudiantes y situaciones del contexto que requieran intervenci\u00f3n.<\/span><\/p>\n<p style=\"text-align: center;\"><span style=\"font-weight: 400;\">Acompa\u00f1ar a los docentes y directivos en reuniones de seguimiento individual y grupal de los estudiantes.<\/span><\/p>\n<p style=\"text-align: center;\"><span style=\"font-weight: 400;\">Estar en comunicaci\u00f3n permanente en casos especiales y seguimiento a las estrategias de apoyo planteadas de acuerdo con las necesidades de cada estudiante.<\/span><\/p>\n<p>[\/vc_hoverbox][\/vc_column][vc_column width=\u00bb1\/4&#8243;][vc_hoverbox image=\u00bb12596&#8243; primary_title=\u00bbFAMILIAS\u00bb primary_title_font_container=\u00bbfont_size:35|color:%231e73be\u00bb hover_title=\u00bb\u00bb css_animation=\u00bbfadeInLeft\u00bb use_custom_fonts_primary_title=\u00bbtrue\u00bb]<\/p>\n<p style=\"text-align: center;\"><span style=\"font-weight: 400;\">Orientar a las familias en las diferentes situaciones del ciclo vital de sus hijos relacionadas con el contexto escolar o cualquier otra variable que afecte su desarrollo.<\/span><\/p>\n<p style=\"text-align: center;\"><span style=\"font-weight: 400;\">Ofrecer psicoeducaci\u00f3n en Escuelas de Familias en la construcci\u00f3n de valores, pautas de crianza, comunicaci\u00f3n parental y dem\u00e1s temas relacionados con la formaci\u00f3n integral de ni\u00f1os y j\u00f3venes con el apoyo de entidades especializadas.<\/span><\/p>\n<p>[\/vc_hoverbox][\/vc_column][\/vc_row][vc_row][vc_column][vc_images_carousel images=\u00bb12582,12583,12584,12585,12586,12587,12588,12589,12590,12591,12592,12593,12594,12595,12596,12598,12600,12602,12603&#8243; img_size=\u00bb2000&#215;1000&#8243; autoplay=\u00bbyes\u00bb partial_view=\u00bbyes\u00bb wrap=\u00bbyes\u00bb css=\u00bb\u00bb][\/vc_column][\/vc_row]<\/p>\n<\/div>","protected":false},"excerpt":{"rendered":"<p>[vc_row][vc_column][vc_single_image image=\u00bb12528&#8243; img_size=\u00bbmedium\u00bb alignment=\u00bbcenter\u00bb style=\u00bbvc_box_shadow_circle\u00bb css=\u00bb\u00bb][vc_column_text css_animation=\u00bbfadeInUp\u00bb css=\u00bb\u00bb] El objetivo fundamental del equipo de Orientaci\u00f3n Escolar en el Instituto La Anunciaci\u00f3n es acompa\u00f1ar a los estudiantes y sus procesos de desarrollo; colaborar y mejorar la comprensi\u00f3n de las diferentes situaciones &hellip; <\/p>\n","protected":false},"author":1,"featured_media":0,"parent":0,"menu_order":0,"comment_status":"closed","ping_status":"closed","template":"","meta":{"footnotes":""},"class_list":["post-12379","page","type-page","status-publish","hentry"],"_links":{"self":[{"href":"https:\/\/ilafon.edu.co\/web\/wp-json\/wp\/v2\/pages\/12379","targetHints":{"allow":["GET"]}}],"collection":[{"href":"https:\/\/ilafon.edu.co\/web\/wp-json\/wp\/v2\/pages"}],"about":[{"href":"https:\/\/ilafon.edu.co\/web\/wp-json\/wp\/v2\/types\/page"}],"author":[{"embeddable":true,"href":"https:\/\/ilafon.edu.co\/web\/wp-json\/wp\/v2\/users\/1"}],"replies":[{"embeddable":true,"href":"https:\/\/ilafon.edu.co\/web\/wp-json\/wp\/v2\/comments?post=12379"}],"version-history":[{"count":9,"href":"https:\/\/ilafon.edu.co\/web\/wp-json\/wp\/v2\/pages\/12379\/revisions"}],"predecessor-version":[{"id":12605,"href":"https:\/\/ilafon.edu.co\/web\/wp-json\/wp\/v2\/pages\/12379\/revisions\/12605"}],"wp:attachment":[{"href":"https:\/\/ilafon.edu.co\/web\/wp-json\/wp\/v2\/media?parent=12379"}],"curies":[{"name":"wp","href":"https:\/\/api.w.org\/{rel}","templated":true}]}}