{"id":12249,"date":"2021-08-04T14:34:55","date_gmt":"2021-08-04T19:34:55","guid":{"rendered":"https:\/\/ilafon.edu.co\/web\/?page_id=12249"},"modified":"2025-04-20T18:25:15","modified_gmt":"2025-04-20T23:25:15","slug":"12249-2","status":"publish","type":"page","link":"https:\/\/ilafon.edu.co\/web\/12249-2\/","title":{"rendered":"Espiritualidad"},"content":{"rendered":"<div class=\"wpb-content-wrapper\"><p>[vc_row][vc_column][vc_gallery type=\u00bbimage_grid\u00bb images=\u00bb12554,12548,12553,12549,12562,12563,12564,12565,12566,12567&#8243; css_animation=\u00bbfadeInDown\u00bb css=\u00bb\u00bb title=\u00bbSEMANA SANTA ILAF 2025&#8243;][vc_column_text css=\u00bb\u00bb]<\/p>\n<h3><em>Vivir como colegio la Semana Santa 2025 es una oportunidad \u00fanica para fortalecer los valores cristianos, fomentar la reflexi\u00f3n espiritual y promover la unidad entre todos los miembros de la comunidad educativa. Este tiempo sagrado nos invita a recordar el amor, la entrega y el sacrificio de Jes\u00fas, y a vivir con mayor empat\u00eda, solidaridad y esperanza. Compartir estas vivencias como instituci\u00f3n no solo enriquece nuestra fe, sino que tambi\u00e9n refuerza el sentido de pertenencia, formando corazones comprometidos con el pr\u00f3jimo y con la construcci\u00f3n de un mundo m\u00e1s justo y humano.<\/em><\/h3>\n<p>[\/vc_column_text][vc_gallery type=\u00bbimage_grid\u00bb images=\u00bb12555,12556,12557,12559,12560,12561&#8243; onclick=\u00bbimg_link_large\u00bb css_animation=\u00bbnone\u00bb css=\u00bb\u00bb title=\u00bbVIVIENDO LA FRATERNIDAD Y EL COMPA\u00d1ERISMO\u00bb][vc_column_text css=\u00bb\u00bb]<\/p>\n<h3><strong><em>La espiritualidad Anunciata, al estilo de Madre Mar\u00eda Berenice, nos invita a vivir una fe alegre, cercana y comprometida, especialmente con los m\u00e1s necesitados. Su vida fue un testimonio de amor profundo por Jes\u00fas y de servicio generoso hacia los dem\u00e1s. Siguiendo su ejemplo, los j\u00f3venes est\u00e1n llamados a ser anunciadores del Evangelio con su vida, a participar activamente en la Iglesia y a descubrir que cada gesto de amor, cada palabra de aliento y cada acto de servicio es una forma de construir el Reino de Dios<\/em><\/strong>. <strong>\u00a1Ser parte de la Iglesia es una aventura maravillosa donde cada uno tiene un lugar, una misi\u00f3n y un llamado a transformar el mundo con la fuerza del amor!<\/strong><\/h3>\n<p>[\/vc_column_text]<div class=\"thim-widget-heading template-base\"><div class=\"sc_heading  text-center\"><h3 style=\"color:#116ebf;\" class=\"title\">CONSAGRACI\u00d3N A NUESTRA SRA. DE LA ANUNCIACI\u00d3N<\/h3><\/div><\/div>[vc_column_text css=\u00bb\u00bb]<\/p>\n<h3><em><strong>Madre y Reina de la Anunciaci\u00f3n: A tu coraz\u00f3n de Madre entrego mi alma, mis pensamientos, recuerdos, imaginaciones, deseos y temores. Recibe mi coraz\u00f3n, que sea un solo palpitar con el vuestro; mi cuerpo con sus sentidos. Quiero mirarte madre con gratitud. Te entrego mi lengua que en cada frase que pronuncie repita: \u00absoy toda tuya\u00bb. Quiero pedirte mas para el Santo Padre, para la iglesia, para todos mis hermanos. Madre bondadosa, desde hoy quiero vivir contigo, que tu dirijas mis pasos y deseos, y para eso, al iniciar una acci\u00f3n, me dir\u00e9: \u00bfComo lo har\u00eda Mar\u00eda?. Te entrego mi vida espiritual, que sea un vivir en el amor del Esp\u00edritu Santo, ara todos mis hermanos .<\/strong><\/em><\/h3>\n<h3 style=\"text-align: center;\"><em><strong>As\u00ed sea<\/strong><\/em><\/h3>\n<p>[\/vc_column_text][vc_custom_heading text=\u00bbFELICES PASCUAS DE RESURRECCI\u00d3N\u00bb font_container=\u00bbtag:h5|font_size:20|text_align:center|color:%23dd3333|line_height:10&#8243; google_fonts=\u00bbfont_family:Rubik%20Mono%20One%3A400|font_style:400%20regular%3A400%3Anormal\u00bb css=\u00bb\u00bb][vc_single_image image=\u00bb12568&#8243; alignment=\u00bbcenter\u00bb style=\u00bbvc_box_circle_2&#8243; onclick=\u00bbzoom\u00bb css=\u00bb\u00bb][\/vc_column][\/vc_row]<\/p>\n<\/div>","protected":false},"excerpt":{"rendered":"<p>[vc_row][vc_column][vc_gallery type=\u00bbimage_grid\u00bb images=\u00bb12554,12548,12553,12549,12562,12563,12564,12565,12566,12567&#8243; css_animation=\u00bbfadeInDown\u00bb css=\u00bb\u00bb title=\u00bbSEMANA SANTA ILAF 2025&#8243;][vc_column_text css=\u00bb\u00bb] Vivir como colegio la Semana Santa 2025 es una oportunidad \u00fanica para fortalecer los valores cristianos, fomentar la reflexi\u00f3n espiritual y promover la unidad entre todos los miembros de la &hellip; <\/p>\n","protected":false},"author":1,"featured_media":0,"parent":0,"menu_order":0,"comment_status":"closed","ping_status":"closed","template":"","meta":{"footnotes":""},"class_list":["post-12249","page","type-page","status-publish","hentry"],"_links":{"self":[{"href":"https:\/\/ilafon.edu.co\/web\/wp-json\/wp\/v2\/pages\/12249","targetHints":{"allow":["GET"]}}],"collection":[{"href":"https:\/\/ilafon.edu.co\/web\/wp-json\/wp\/v2\/pages"}],"about":[{"href":"https:\/\/ilafon.edu.co\/web\/wp-json\/wp\/v2\/types\/page"}],"author":[{"embeddable":true,"href":"https:\/\/ilafon.edu.co\/web\/wp-json\/wp\/v2\/users\/1"}],"replies":[{"embeddable":true,"href":"https:\/\/ilafon.edu.co\/web\/wp-json\/wp\/v2\/comments?post=12249"}],"version-history":[{"count":13,"href":"https:\/\/ilafon.edu.co\/web\/wp-json\/wp\/v2\/pages\/12249\/revisions"}],"predecessor-version":[{"id":12569,"href":"https:\/\/ilafon.edu.co\/web\/wp-json\/wp\/v2\/pages\/12249\/revisions\/12569"}],"wp:attachment":[{"href":"https:\/\/ilafon.edu.co\/web\/wp-json\/wp\/v2\/media?parent=12249"}],"curies":[{"name":"wp","href":"https:\/\/api.w.org\/{rel}","templated":true}]}}